{"id":5757,"date":"2025-02-10T08:24:49","date_gmt":"2025-02-10T07:24:49","guid":{"rendered":"https:\/\/minusglas.se\/?post_type=product&#038;p=5757"},"modified":"2026-02-25T09:24:32","modified_gmt":"2026-02-25T08:24:32","slug":"glasogon-skoldpadda","status":"publish","type":"product","link":"https:\/\/minusglas.se\/?product=glasogon-skoldpadda","title":{"rendered":"Glas\u00f6gon &#8211; M\u00f6rk Sk\u00f6ldpadda"},"content":{"rendered":"<p>Moderna glas\u00f6gon som \u00e4r perfekta f\u00f6r dig utan brytningsfel eller f\u00f6r dig som beh\u00f6ver glas\u00f6gon som du har r\u00e5d att slita ut.<\/p>\n<p>T\u00e4nk dig en sommardag i Juli. Allt \u00e4r bra och familjen ska ut med b\u00e5ten. Men ist\u00e4llet f\u00f6r en trevlig utflykt blir det ist\u00e4llet stort drama d\u00e5 du tappar dina sprillans nya progressiva glas\u00f6gon i vattnet. Hade du ist\u00e4llet tagit p\u00e5 dig dessa glas\u00f6gon skulle du inte ha mycket att \u00e5ngra.<\/p>\n","protected":false},"excerpt":{"rendered":"<p>Moderna glas\u00f6gon som \u00e4r perfekta f\u00f6r dig utan brytningsfel eller f\u00f6r dig som beh\u00f6ver glas\u00f6gon som du har r\u00e5d att slita ut.<\/p>\n","protected":false},"featured_media":5766,"comment_status":"open","ping_status":"closed","template":"","meta":{"_uag_custom_page_level_css":"","_monsterinsights_skip_tracking":false,"_monsterinsights_sitenote_active":false,"_monsterinsights_sitenote_note":"","_monsterinsights_sitenote_category":0,"site-sidebar-layout":"default","site-content-layout":"default","ast-site-content-layout":"default","site-content-style":"default","site-sidebar-style":"default","ast-global-header-display":"","ast-banner-title-visibility":"","ast-main-header-display":"","ast-hfb-above-header-display":"","ast-hfb-below-header-display":"","ast-hfb-mobile-header-display":"","site-post-title":"","ast-breadcrumbs-content":"","ast-featured-img":"","footer-sml-layout":"","ast-disable-related-posts":"","theme-transparent-header-meta":"default","adv-header-id-meta":"","stick-header-meta":"","header-above-stick-meta":"","header-main-stick-meta":"","header-below-stick-meta":"","astra-migrate-meta-layouts":"default","ast-page-background-enabled":"default","ast-page-background-meta":{"desktop":{"background-color":"var(--ast-global-color-4)","background-image":"","background-repeat":"repeat","background-position":"center center","background-size":"auto","background-attachment":"scroll","background-type":"","background-media":"","overlay-type":"","overlay-color":"","overlay-opacity":"","overlay-gradient":""},"tablet":{"background-color":"","background-image":"","background-repeat":"repeat","background-position":"center center","background-size":"auto","background-attachment":"scroll","background-type":"","background-media":"","overlay-type":"","overlay-color":"","overlay-opacity":"","overlay-gradient":""},"mobile":{"background-color":"","background-image":"","background-repeat":"repeat","background-position":"center center","background-size":"auto","background-attachment":"scroll","background-type":"","background-media":"","overlay-type":"","overlay-color":"","overlay-opacity":"","overlay-gradient":""}},"ast-content-background-meta":{"desktop":{"background-color":"var(--ast-global-color-5)","background-image":"","background-repeat":"repeat","background-position":"center center","background-size":"auto","background-attachment":"scroll","background-type":"","background-media":"","overlay-type":"","overlay-color":"","overlay-opacity":"","overlay-gradient":""},"tablet":{"background-color":"var(--ast-global-color-5)","background-image":"","background-repeat":"repeat","background-position":"center center","background-size":"auto","background-attachment":"scroll","background-type":"","background-media":"","overlay-type":"","overlay-color":"","overlay-opacity":"","overlay-gradient":""},"mobile":{"background-color":"var(--ast-global-color-5)","background-image":"","background-repeat":"repeat","background-position":"center center","background-size":"auto","background-attachment":"scroll","background-type":"","background-media":"","overlay-type":"","overlay-color":"","overlay-opacity":"","overlay-gradient":""}}},"product_brand":[],"product_cat":[28],"product_tag":[],"class_list":{"0":"post-5757","1":"product","2":"type-product","3":"status-publish","4":"has-post-thumbnail","6":"product_cat-glasogon","7":"product_shipping_class-gratis-leverans","8":"desktop-align-left","9":"tablet-align-left","10":"mobile-align-left","12":"first","13":"outofstock","14":"featured","15":"shipping-taxable","16":"purchasable","17":"product-type-variable"},"yoast_head":"<!-- This site is optimized with the Yoast SEO plugin v27.0 - https:\/\/yoast.com\/product\/yoast-seo-wordpress\/ -->\n<title>Glas\u00f6gon - M\u00f6rk Sk\u00f6ldpadda | Minusglas.se<\/title>\n<meta name=\"robots\" content=\"index, follow, max-snippet:-1, max-image-preview:large, max-video-preview:-1\" \/>\n<link rel=\"canonical\" href=\"https:\/\/minusglas.se\/?product=glasogon-skoldpadda\" \/>\n<meta property=\"og:locale\" content=\"sv_SE\" \/>\n<meta property=\"og:type\" content=\"article\" \/>\n<meta property=\"og:title\" content=\"Glas\u00f6gon - M\u00f6rk Sk\u00f6ldpadda | Minusglas.se\" \/>\n<meta property=\"og:description\" content=\"Moderna glas\u00f6gon som \u00e4r perfekta f\u00f6r dig utan brytningsfel eller f\u00f6r dig som beh\u00f6ver glas\u00f6gon som du har r\u00e5d att slita ut.\" \/>\n<meta property=\"og:url\" content=\"https:\/\/minusglas.se\/?product=glasogon-skoldpadda\" \/>\n<meta property=\"og:site_name\" content=\"Minusglas\" \/>\n<meta property=\"article:modified_time\" content=\"2026-02-25T08:24:32+00:00\" \/>\n<meta property=\"og:image\" content=\"https:\/\/minusglas.se\/wp-content\/uploads\/2025\/02\/IMG_0758-scaled.jpg\" \/>\n\t<meta property=\"og:image:width\" content=\"2560\" \/>\n\t<meta property=\"og:image:height\" content=\"2560\" \/>\n\t<meta property=\"og:image:type\" content=\"image\/jpeg\" \/>\n<meta name=\"twitter:card\" content=\"summary_large_image\" \/>\n<meta name=\"twitter:label1\" content=\"Ber\u00e4knad l\u00e4stid\" \/>\n\t<meta name=\"twitter:data1\" content=\"1 minut\" \/>\n<script type=\"application\/ld+json\" class=\"yoast-schema-graph\">{\"@context\":\"https:\/\/schema.org\",\"@graph\":[{\"@type\":\"WebPage\",\"@id\":\"https:\/\/minusglas.se\/?product=glasogon-skoldpadda\",\"url\":\"https:\/\/minusglas.se\/?product=glasogon-skoldpadda\",\"name\":\"Glas\u00f6gon - M\u00f6rk Sk\u00f6ldpadda | Minusglas.se\",\"isPartOf\":{\"@id\":\"https:\/\/minusglas.se\/#website\"},\"primaryImageOfPage\":{\"@id\":\"https:\/\/minusglas.se\/?product=glasogon-skoldpadda#primaryimage\"},\"image\":{\"@id\":\"https:\/\/minusglas.se\/?product=glasogon-skoldpadda#primaryimage\"},\"thumbnailUrl\":\"https:\/\/minusglas.se\/wp-content\/uploads\/2025\/02\/IMG_0758-scaled.jpg\",\"datePublished\":\"2025-02-10T07:24:49+00:00\",\"dateModified\":\"2026-02-25T08:24:32+00:00\",\"breadcrumb\":{\"@id\":\"https:\/\/minusglas.se\/?product=glasogon-skoldpadda#breadcrumb\"},\"inLanguage\":\"sv-SE\",\"potentialAction\":[{\"@type\":\"ReadAction\",\"target\":[\"https:\/\/minusglas.se\/?product=glasogon-skoldpadda\"]}]},{\"@type\":\"ImageObject\",\"inLanguage\":\"sv-SE\",\"@id\":\"https:\/\/minusglas.se\/?product=glasogon-skoldpadda#primaryimage\",\"url\":\"https:\/\/minusglas.se\/wp-content\/uploads\/2025\/02\/IMG_0758-scaled.jpg\",\"contentUrl\":\"https:\/\/minusglas.se\/wp-content\/uploads\/2025\/02\/IMG_0758-scaled.jpg\",\"width\":2560,\"height\":2560},{\"@type\":\"BreadcrumbList\",\"@id\":\"https:\/\/minusglas.se\/?product=glasogon-skoldpadda#breadcrumb\",\"itemListElement\":[{\"@type\":\"ListItem\",\"position\":1,\"name\":\"Hem\",\"item\":\"https:\/\/minusglas.se\/\"},{\"@type\":\"ListItem\",\"position\":2,\"name\":\"Butik\",\"item\":\"https:\/\/minusglas.se\/?page_id=5\"},{\"@type\":\"ListItem\",\"position\":3,\"name\":\"Glas\u00f6gon &#8211; M\u00f6rk Sk\u00f6ldpadda\"}]},{\"@type\":\"WebSite\",\"@id\":\"https:\/\/minusglas.se\/#website\",\"url\":\"https:\/\/minusglas.se\/\",\"name\":\"Minusglas\",\"description\":\"\",\"publisher\":{\"@id\":\"https:\/\/minusglas.se\/#organization\"},\"potentialAction\":[{\"@type\":\"SearchAction\",\"target\":{\"@type\":\"EntryPoint\",\"urlTemplate\":\"https:\/\/minusglas.se\/?s={search_term_string}\"},\"query-input\":{\"@type\":\"PropertyValueSpecification\",\"valueRequired\":true,\"valueName\":\"search_term_string\"}}],\"inLanguage\":\"sv-SE\"},{\"@type\":\"Organization\",\"@id\":\"https:\/\/minusglas.se\/#organization\",\"name\":\"Minusglas\",\"url\":\"https:\/\/minusglas.se\/\",\"logo\":{\"@type\":\"ImageObject\",\"inLanguage\":\"sv-SE\",\"@id\":\"https:\/\/minusglas.se\/#\/schema\/logo\/image\/\",\"url\":\"https:\/\/minusglas.se\/wp-content\/uploads\/2023\/01\/cropped-Namnlos_design-removebg-preview.png\",\"contentUrl\":\"https:\/\/minusglas.se\/wp-content\/uploads\/2023\/01\/cropped-Namnlos_design-removebg-preview.png\",\"width\":500,\"height\":223,\"caption\":\"Minusglas\"},\"image\":{\"@id\":\"https:\/\/minusglas.se\/#\/schema\/logo\/image\/\"}}]}<\/script>\n<!-- \/ Yoast SEO plugin. -->","yoast_head_json":{"title":"Glas\u00f6gon - M\u00f6rk Sk\u00f6ldpadda | Minusglas.se","robots":{"index":"index","follow":"follow","max-snippet":"max-snippet:-1","max-image-preview":"max-image-preview:large","max-video-preview":"max-video-preview:-1"},"canonical":"https:\/\/minusglas.se\/?product=glasogon-skoldpadda","og_locale":"sv_SE","og_type":"article","og_title":"Glas\u00f6gon - M\u00f6rk Sk\u00f6ldpadda | Minusglas.se","og_description":"Moderna glas\u00f6gon som \u00e4r perfekta f\u00f6r dig utan brytningsfel eller f\u00f6r dig som beh\u00f6ver glas\u00f6gon som du har r\u00e5d att slita ut.","og_url":"https:\/\/minusglas.se\/?product=glasogon-skoldpadda","og_site_name":"Minusglas","article_modified_time":"2026-02-25T08:24:32+00:00","og_image":[{"width":2560,"height":2560,"url":"https:\/\/minusglas.se\/wp-content\/uploads\/2025\/02\/IMG_0758-scaled.jpg","type":"image\/jpeg"}],"twitter_card":"summary_large_image","twitter_misc":{"Ber\u00e4knad l\u00e4stid":"1 minut"},"schema":{"@context":"https:\/\/schema.org","@graph":[{"@type":"WebPage","@id":"https:\/\/minusglas.se\/?product=glasogon-skoldpadda","url":"https:\/\/minusglas.se\/?product=glasogon-skoldpadda","name":"Glas\u00f6gon - M\u00f6rk Sk\u00f6ldpadda | Minusglas.se","isPartOf":{"@id":"https:\/\/minusglas.se\/#website"},"primaryImageOfPage":{"@id":"https:\/\/minusglas.se\/?product=glasogon-skoldpadda#primaryimage"},"image":{"@id":"https:\/\/minusglas.se\/?product=glasogon-skoldpadda#primaryimage"},"thumbnailUrl":"https:\/\/minusglas.se\/wp-content\/uploads\/2025\/02\/IMG_0758-scaled.jpg","datePublished":"2025-02-10T07:24:49+00:00","dateModified":"2026-02-25T08:24:32+00:00","breadcrumb":{"@id":"https:\/\/minusglas.se\/?product=glasogon-skoldpadda#breadcrumb"},"inLanguage":"sv-SE","potentialAction":[{"@type":"ReadAction","target":["https:\/\/minusglas.se\/?product=glasogon-skoldpadda"]}]},{"@type":"ImageObject","inLanguage":"sv-SE","@id":"https:\/\/minusglas.se\/?product=glasogon-skoldpadda#primaryimage","url":"https:\/\/minusglas.se\/wp-content\/uploads\/2025\/02\/IMG_0758-scaled.jpg","contentUrl":"https:\/\/minusglas.se\/wp-content\/uploads\/2025\/02\/IMG_0758-scaled.jpg","width":2560,"height":2560},{"@type":"BreadcrumbList","@id":"https:\/\/minusglas.se\/?product=glasogon-skoldpadda#breadcrumb","itemListElement":[{"@type":"ListItem","position":1,"name":"Hem","item":"https:\/\/minusglas.se\/"},{"@type":"ListItem","position":2,"name":"Butik","item":"https:\/\/minusglas.se\/?page_id=5"},{"@type":"ListItem","position":3,"name":"Glas\u00f6gon &#8211; M\u00f6rk Sk\u00f6ldpadda"}]},{"@type":"WebSite","@id":"https:\/\/minusglas.se\/#website","url":"https:\/\/minusglas.se\/","name":"Minusglas","description":"","publisher":{"@id":"https:\/\/minusglas.se\/#organization"},"potentialAction":[{"@type":"SearchAction","target":{"@type":"EntryPoint","urlTemplate":"https:\/\/minusglas.se\/?s={search_term_string}"},"query-input":{"@type":"PropertyValueSpecification","valueRequired":true,"valueName":"search_term_string"}}],"inLanguage":"sv-SE"},{"@type":"Organization","@id":"https:\/\/minusglas.se\/#organization","name":"Minusglas","url":"https:\/\/minusglas.se\/","logo":{"@type":"ImageObject","inLanguage":"sv-SE","@id":"https:\/\/minusglas.se\/#\/schema\/logo\/image\/","url":"https:\/\/minusglas.se\/wp-content\/uploads\/2023\/01\/cropped-Namnlos_design-removebg-preview.png","contentUrl":"https:\/\/minusglas.se\/wp-content\/uploads\/2023\/01\/cropped-Namnlos_design-removebg-preview.png","width":500,"height":223,"caption":"Minusglas"},"image":{"@id":"https:\/\/minusglas.se\/#\/schema\/logo\/image\/"}}]}},"uagb_featured_image_src":{"full":["https:\/\/minusglas.se\/wp-content\/uploads\/2025\/02\/IMG_0758-scaled.jpg",2560,2560,false],"thumbnail":["https:\/\/minusglas.se\/wp-content\/uploads\/2025\/02\/IMG_0758-150x150.jpg",150,150,true],"medium":["https:\/\/minusglas.se\/wp-content\/uploads\/2025\/02\/IMG_0758-300x300.jpg",300,300,true],"medium_large":["https:\/\/minusglas.se\/wp-content\/uploads\/2025\/02\/IMG_0758-768x768.jpg",768,768,true],"large":["https:\/\/minusglas.se\/wp-content\/uploads\/2025\/02\/IMG_0758-1024x1024.jpg",1024,1024,true],"1536x1536":["https:\/\/minusglas.se\/wp-content\/uploads\/2025\/02\/IMG_0758-1536x1536.jpg",1536,1536,true],"2048x2048":["https:\/\/minusglas.se\/wp-content\/uploads\/2025\/02\/IMG_0758-2048x2048.jpg",2048,2048,true],"woocommerce_thumbnail":["https:\/\/minusglas.se\/wp-content\/uploads\/2025\/02\/IMG_0758-600x600.jpg",600,600,true],"woocommerce_single":["https:\/\/minusglas.se\/wp-content\/uploads\/2025\/02\/IMG_0758-600x600.jpg",600,600,true],"woocommerce_gallery_thumbnail":["https:\/\/minusglas.se\/wp-content\/uploads\/2025\/02\/IMG_0758-100x100.jpg",100,100,true]},"uagb_author_info":{"display_name":"hugo","author_link":"https:\/\/minusglas.se\/?author=0"},"uagb_comment_info":0,"uagb_excerpt":"Moderna glas\u00f6gon som \u00e4r perfekta f\u00f6r dig utan brytningsfel eller f\u00f6r dig som beh\u00f6ver glas\u00f6gon som du har r\u00e5d att slita ut.","_links":{"self":[{"href":"https:\/\/minusglas.se\/index.php?rest_route=\/wp\/v2\/product\/5757","targetHints":{"allow":["GET"]}}],"collection":[{"href":"https:\/\/minusglas.se\/index.php?rest_route=\/wp\/v2\/product"}],"about":[{"href":"https:\/\/minusglas.se\/index.php?rest_route=\/wp\/v2\/types\/product"}],"replies":[{"embeddable":true,"href":"https:\/\/minusglas.se\/index.php?rest_route=%2Fwp%2Fv2%2Fcomments&post=5757"}],"wp:featuredmedia":[{"embeddable":true,"href":"https:\/\/minusglas.se\/index.php?rest_route=\/wp\/v2\/media\/5766"}],"wp:attachment":[{"href":"https:\/\/minusglas.se\/index.php?rest_route=%2Fwp%2Fv2%2Fmedia&parent=5757"}],"wp:term":[{"taxonomy":"product_brand","embeddable":true,"href":"https:\/\/minusglas.se\/index.php?rest_route=%2Fwp%2Fv2%2Fproduct_brand&post=5757"},{"taxonomy":"product_cat","embeddable":true,"href":"https:\/\/minusglas.se\/index.php?rest_route=%2Fwp%2Fv2%2Fproduct_cat&post=5757"},{"taxonomy":"product_tag","embeddable":true,"href":"https:\/\/minusglas.se\/index.php?rest_route=%2Fwp%2Fv2%2Fproduct_tag&post=5757"}],"curies":[{"name":"wp","href":"https:\/\/api.w.org\/{rel}","templated":true}]}}