{"id":1004,"date":"2021-10-08T06:08:22","date_gmt":"2021-10-08T04:08:22","guid":{"rendered":"https:\/\/minusglas.se\/contact\/"},"modified":"2023-07-13T17:38:25","modified_gmt":"2023-07-13T15:38:25","slug":"kontakt","status":"publish","type":"page","link":"https:\/\/minusglas.se\/?page_id=1004","title":{"rendered":"Kontakt"},"content":{"rendered":"\n<div class=\"wp-block-uagb-container uagb-block-7877d5ad alignfull uagb-is-root-container\"><div class=\"uagb-container-inner-blocks-wrap\">\n<div class=\"wp-block-uagb-container uagb-block-1e8efcfa\">\n<div class=\"wp-block-uagb-advanced-heading uagb-block-d403a433\"><h1 class=\"uagb-heading-text\">Mejla oss<\/h1><p class=\"uagb-desc-text\">Du n\u00e5r oss l\u00e4tt via mejl. Svar inom 12 timmar.<\/p><\/div>\n\n\n\n<div class=\"wp-block-uagb-info-box uagb-block-ea89859a uagb-infobox__content-wrap  uagb-infobox-icon-left uagb-infobox-left uagb-infobox-stacked-mobile uagb-infobox-image-valign-top\"><div class=\"uagb-ifb-icon-wrap\"><svg xmlns=\"https:\/\/www.w3.org\/2000\/svg\" viewBox=\"0 0 512 512\"><path d=\"M464 64C490.5 64 512 85.49 512 112C512 127.1 504.9 141.3 492.8 150.4L275.2 313.6C263.8 322.1 248.2 322.1 236.8 313.6L19.2 150.4C7.113 141.3 0 127.1 0 112C0 85.49 21.49 64 48 64H464zM217.6 339.2C240.4 356.3 271.6 356.3 294.4 339.2L512 176V384C512 419.3 483.3 448 448 448H64C28.65 448 0 419.3 0 384V176L217.6 339.2z\"><\/path><\/svg><\/div><div class=\"uagb-ifb-content\"><div class=\"uagb-ifb-title-wrap\"><h6 class=\"uagb-ifb-title\">Mejladress<\/h6><\/div><p class=\"uagb-ifb-desc\">info@minusglas.se<\/p><div class=\"uagb-ifb-separator\"><\/div><\/div><\/div>\n<\/div>\n<\/div><\/div>\n","protected":false},"excerpt":{"rendered":"<p>Mejla oss Du n\u00e5r oss l\u00e4tt via mejl. Svar inom 12 timmar.<\/p>\n","protected":false},"author":1,"featured_media":0,"parent":0,"menu_order":0,"comment_status":"closed","ping_status":"closed","template":"","meta":{"_uag_custom_page_level_css":"","_monsterinsights_skip_tracking":false,"_monsterinsights_sitenote_active":false,"_monsterinsights_sitenote_note":"","_monsterinsights_sitenote_category":0,"site-sidebar-layout":"no-sidebar","site-content-layout":"plain-container","ast-site-content-layout":"default","site-content-style":"default","site-sidebar-style":"default","ast-global-header-display":"","ast-banner-title-visibility":"","ast-main-header-display":"","ast-hfb-above-header-display":"","ast-hfb-below-header-display":"","ast-hfb-mobile-header-display":"","site-post-title":"disabled","ast-breadcrumbs-content":"","ast-featured-img":"disabled","footer-sml-layout":"","ast-disable-related-posts":"","theme-transparent-header-meta":"disabled","adv-header-id-meta":"","stick-header-meta":"","header-above-stick-meta":"","header-main-stick-meta":"","header-below-stick-meta":"","astra-migrate-meta-layouts":"default","ast-page-background-enabled":"default","ast-page-background-meta":{"desktop":{"background-color":"var(--ast-global-color-4)","background-image":"","background-repeat":"repeat","background-position":"center center","background-size":"auto","background-attachment":"scroll","background-type":"","background-media":"","overlay-type":"","overlay-color":"","overlay-opacity":"","overlay-gradient":""},"tablet":{"background-color":"","background-image":"","background-repeat":"repeat","background-position":"center center","background-size":"auto","background-attachment":"scroll","background-type":"","background-media":"","overlay-type":"","overlay-color":"","overlay-opacity":"","overlay-gradient":""},"mobile":{"background-color":"","background-image":"","background-repeat":"repeat","background-position":"center center","background-size":"auto","background-attachment":"scroll","background-type":"","background-media":"","overlay-type":"","overlay-color":"","overlay-opacity":"","overlay-gradient":""}},"ast-content-background-meta":{"desktop":{"background-color":"var(--ast-global-color-5)","background-image":"","background-repeat":"repeat","background-position":"center center","background-size":"auto","background-attachment":"scroll","background-type":"","background-media":"","overlay-type":"","overlay-color":"","overlay-opacity":"","overlay-gradient":""},"tablet":{"background-color":"var(--ast-global-color-5)","background-image":"","background-repeat":"repeat","background-position":"center center","background-size":"auto","background-attachment":"scroll","background-type":"","background-media":"","overlay-type":"","overlay-color":"","overlay-opacity":"","overlay-gradient":""},"mobile":{"background-color":"var(--ast-global-color-5)","background-image":"","background-repeat":"repeat","background-position":"center center","background-size":"auto","background-attachment":"scroll","background-type":"","background-media":"","overlay-type":"","overlay-color":"","overlay-opacity":"","overlay-gradient":""}},"footnotes":""},"class_list":["post-1004","page","type-page","status-publish","hentry"],"yoast_head":"<!-- This site is optimized with the Yoast SEO plugin v27.0 - https:\/\/yoast.com\/product\/yoast-seo-wordpress\/ -->\n<title>Kontakta minusglas | Kontakt - Minusglas<\/title>\n<meta name=\"description\" content=\"Mejla oss p\u00e5 hugo@minusglas.se g\u00e4llande fr\u00e5gor om produkter eller vad som helst annat du har p\u00e5 hj\u00e4rtat. Vi svarar alltid inom 12 timmar.\" \/>\n<meta name=\"robots\" content=\"index, follow, max-snippet:-1, max-image-preview:large, max-video-preview:-1\" \/>\n<link rel=\"canonical\" href=\"https:\/\/minusglas.se\/?page_id=1004\" \/>\n<meta property=\"og:locale\" content=\"sv_SE\" \/>\n<meta property=\"og:type\" content=\"article\" \/>\n<meta property=\"og:title\" content=\"Kontakta minusglas | Kontakt - Minusglas\" \/>\n<meta property=\"og:description\" content=\"Mejla oss p\u00e5 hugo@minusglas.se g\u00e4llande fr\u00e5gor om produkter eller vad som helst annat du har p\u00e5 hj\u00e4rtat. Vi svarar alltid inom 12 timmar.\" \/>\n<meta property=\"og:url\" content=\"https:\/\/minusglas.se\/?page_id=1004\" \/>\n<meta property=\"og:site_name\" content=\"Minusglas\" \/>\n<meta property=\"article:modified_time\" content=\"2023-07-13T15:38:25+00:00\" \/>\n<meta name=\"twitter:card\" content=\"summary_large_image\" \/>\n<meta name=\"twitter:label1\" content=\"Ber\u00e4knad l\u00e4stid\" \/>\n\t<meta name=\"twitter:data1\" content=\"1 minut\" \/>\n<script type=\"application\/ld+json\" class=\"yoast-schema-graph\">{\"@context\":\"https:\/\/schema.org\",\"@graph\":[{\"@type\":\"WebPage\",\"@id\":\"https:\/\/minusglas.se\/?page_id=1004\",\"url\":\"https:\/\/minusglas.se\/?page_id=1004\",\"name\":\"Kontakta minusglas | Kontakt - Minusglas\",\"isPartOf\":{\"@id\":\"https:\/\/minusglas.se\/#website\"},\"datePublished\":\"2021-10-08T04:08:22+00:00\",\"dateModified\":\"2023-07-13T15:38:25+00:00\",\"description\":\"Mejla oss p\u00e5 hugo@minusglas.se g\u00e4llande fr\u00e5gor om produkter eller vad som helst annat du har p\u00e5 hj\u00e4rtat. Vi svarar alltid inom 12 timmar.\",\"breadcrumb\":{\"@id\":\"https:\/\/minusglas.se\/?page_id=1004#breadcrumb\"},\"inLanguage\":\"sv-SE\",\"potentialAction\":[{\"@type\":\"ReadAction\",\"target\":[\"https:\/\/minusglas.se\/?page_id=1004\"]}]},{\"@type\":\"BreadcrumbList\",\"@id\":\"https:\/\/minusglas.se\/?page_id=1004#breadcrumb\",\"itemListElement\":[{\"@type\":\"ListItem\",\"position\":1,\"name\":\"Hem\",\"item\":\"https:\/\/minusglas.se\/\"},{\"@type\":\"ListItem\",\"position\":2,\"name\":\"Kontakt\"}]},{\"@type\":\"WebSite\",\"@id\":\"https:\/\/minusglas.se\/#website\",\"url\":\"https:\/\/minusglas.se\/\",\"name\":\"Minusglas\",\"description\":\"\",\"publisher\":{\"@id\":\"https:\/\/minusglas.se\/#organization\"},\"potentialAction\":[{\"@type\":\"SearchAction\",\"target\":{\"@type\":\"EntryPoint\",\"urlTemplate\":\"https:\/\/minusglas.se\/?s={search_term_string}\"},\"query-input\":{\"@type\":\"PropertyValueSpecification\",\"valueRequired\":true,\"valueName\":\"search_term_string\"}}],\"inLanguage\":\"sv-SE\"},{\"@type\":\"Organization\",\"@id\":\"https:\/\/minusglas.se\/#organization\",\"name\":\"Minusglas\",\"url\":\"https:\/\/minusglas.se\/\",\"logo\":{\"@type\":\"ImageObject\",\"inLanguage\":\"sv-SE\",\"@id\":\"https:\/\/minusglas.se\/#\/schema\/logo\/image\/\",\"url\":\"https:\/\/minusglas.se\/wp-content\/uploads\/2023\/01\/cropped-Namnlos_design-removebg-preview.png\",\"contentUrl\":\"https:\/\/minusglas.se\/wp-content\/uploads\/2023\/01\/cropped-Namnlos_design-removebg-preview.png\",\"width\":500,\"height\":223,\"caption\":\"Minusglas\"},\"image\":{\"@id\":\"https:\/\/minusglas.se\/#\/schema\/logo\/image\/\"}}]}<\/script>\n<!-- \/ Yoast SEO plugin. -->","yoast_head_json":{"title":"Kontakta minusglas | Kontakt - Minusglas","description":"Mejla oss p\u00e5 hugo@minusglas.se g\u00e4llande fr\u00e5gor om produkter eller vad som helst annat du har p\u00e5 hj\u00e4rtat. Vi svarar alltid inom 12 timmar.","robots":{"index":"index","follow":"follow","max-snippet":"max-snippet:-1","max-image-preview":"max-image-preview:large","max-video-preview":"max-video-preview:-1"},"canonical":"https:\/\/minusglas.se\/?page_id=1004","og_locale":"sv_SE","og_type":"article","og_title":"Kontakta minusglas | Kontakt - Minusglas","og_description":"Mejla oss p\u00e5 hugo@minusglas.se g\u00e4llande fr\u00e5gor om produkter eller vad som helst annat du har p\u00e5 hj\u00e4rtat. Vi svarar alltid inom 12 timmar.","og_url":"https:\/\/minusglas.se\/?page_id=1004","og_site_name":"Minusglas","article_modified_time":"2023-07-13T15:38:25+00:00","twitter_card":"summary_large_image","twitter_misc":{"Ber\u00e4knad l\u00e4stid":"1 minut"},"schema":{"@context":"https:\/\/schema.org","@graph":[{"@type":"WebPage","@id":"https:\/\/minusglas.se\/?page_id=1004","url":"https:\/\/minusglas.se\/?page_id=1004","name":"Kontakta minusglas | Kontakt - Minusglas","isPartOf":{"@id":"https:\/\/minusglas.se\/#website"},"datePublished":"2021-10-08T04:08:22+00:00","dateModified":"2023-07-13T15:38:25+00:00","description":"Mejla oss p\u00e5 hugo@minusglas.se g\u00e4llande fr\u00e5gor om produkter eller vad som helst annat du har p\u00e5 hj\u00e4rtat. Vi svarar alltid inom 12 timmar.","breadcrumb":{"@id":"https:\/\/minusglas.se\/?page_id=1004#breadcrumb"},"inLanguage":"sv-SE","potentialAction":[{"@type":"ReadAction","target":["https:\/\/minusglas.se\/?page_id=1004"]}]},{"@type":"BreadcrumbList","@id":"https:\/\/minusglas.se\/?page_id=1004#breadcrumb","itemListElement":[{"@type":"ListItem","position":1,"name":"Hem","item":"https:\/\/minusglas.se\/"},{"@type":"ListItem","position":2,"name":"Kontakt"}]},{"@type":"WebSite","@id":"https:\/\/minusglas.se\/#website","url":"https:\/\/minusglas.se\/","name":"Minusglas","description":"","publisher":{"@id":"https:\/\/minusglas.se\/#organization"},"potentialAction":[{"@type":"SearchAction","target":{"@type":"EntryPoint","urlTemplate":"https:\/\/minusglas.se\/?s={search_term_string}"},"query-input":{"@type":"PropertyValueSpecification","valueRequired":true,"valueName":"search_term_string"}}],"inLanguage":"sv-SE"},{"@type":"Organization","@id":"https:\/\/minusglas.se\/#organization","name":"Minusglas","url":"https:\/\/minusglas.se\/","logo":{"@type":"ImageObject","inLanguage":"sv-SE","@id":"https:\/\/minusglas.se\/#\/schema\/logo\/image\/","url":"https:\/\/minusglas.se\/wp-content\/uploads\/2023\/01\/cropped-Namnlos_design-removebg-preview.png","contentUrl":"https:\/\/minusglas.se\/wp-content\/uploads\/2023\/01\/cropped-Namnlos_design-removebg-preview.png","width":500,"height":223,"caption":"Minusglas"},"image":{"@id":"https:\/\/minusglas.se\/#\/schema\/logo\/image\/"}}]}},"uagb_featured_image_src":{"full":false,"thumbnail":false,"medium":false,"medium_large":false,"large":false,"1536x1536":false,"2048x2048":false,"woocommerce_thumbnail":false,"woocommerce_single":false,"woocommerce_gallery_thumbnail":false},"uagb_author_info":{"display_name":"hugo","author_link":"https:\/\/minusglas.se\/?author=1"},"uagb_comment_info":0,"uagb_excerpt":"Mejla oss Du n\u00e5r oss l\u00e4tt via mejl. Svar inom 12 timmar.","_links":{"self":[{"href":"https:\/\/minusglas.se\/index.php?rest_route=\/wp\/v2\/pages\/1004","targetHints":{"allow":["GET"]}}],"collection":[{"href":"https:\/\/minusglas.se\/index.php?rest_route=\/wp\/v2\/pages"}],"about":[{"href":"https:\/\/minusglas.se\/index.php?rest_route=\/wp\/v2\/types\/page"}],"author":[{"embeddable":true,"href":"https:\/\/minusglas.se\/index.php?rest_route=\/wp\/v2\/users\/1"}],"replies":[{"embeddable":true,"href":"https:\/\/minusglas.se\/index.php?rest_route=%2Fwp%2Fv2%2Fcomments&post=1004"}],"version-history":[{"count":28,"href":"https:\/\/minusglas.se\/index.php?rest_route=\/wp\/v2\/pages\/1004\/revisions"}],"predecessor-version":[{"id":5398,"href":"https:\/\/minusglas.se\/index.php?rest_route=\/wp\/v2\/pages\/1004\/revisions\/5398"}],"wp:attachment":[{"href":"https:\/\/minusglas.se\/index.php?rest_route=%2Fwp%2Fv2%2Fmedia&parent=1004"}],"curies":[{"name":"wp","href":"https:\/\/api.w.org\/{rel}","templated":true}]}}